{"id":5515,"date":"2015-03-31T07:02:38","date_gmt":"2015-03-31T07:02:38","guid":{"rendered":"http:\/\/www.less-stress-more-success.com\/wp\/?page_id=5515"},"modified":"2024-06-12T23:29:29","modified_gmt":"2024-06-12T23:29:29","slug":"home-castellano","status":"publish","type":"page","link":"https:\/\/www.less-stress-more-success.com\/wp\/es\/","title":{"rendered":"Home"},"content":{"rendered":"<\/div>\n<\/div>\n<\/section>\n<div class=\"part-fullsection bg-color3\" style=\"background-color:#fff;\">\n<div class=\"row\">\n<div class=\"grid12\">\n<div class=\"space\"><\/div>\n<div class=\"row\">\n<div class=\"grid4 acenter\">\n<p><span class=\"ish-icon-circle color2 acenter\" style=\"\"><a href=\"http:\/\/www.less-stress-more-success.com\/wp\/home-flat\/servicies\/\"><span class=\"icon-chart-area\" style=\"font-size:37px !important;width:62px;height:62px;-moz-border-radius:31px;-webkit-border-radius:31px;border-radius:31px;padding-top:12.5px !important;\"><\/span><\/a><\/span><\/p>\n<div class=\"space\"><\/div>\n<h1 class=\" color2\">Coaching<\/h1>\n<p class=\"p1\" style=\"text-align: center;\"><span class=\"s1\"><strong>Un apoyo que impacta fuertemente.<\/strong><br \/>\n<\/span>Con preguntas, con escucha, con una presencia a tu lado,<br \/>\nCo-creando ideas que cambian tu vida<br \/>\ne impulsan tus proyectos.<\/p>\n<p style=\"text-align: center;\"><a href=\"http:\/\/www.less-stress-more-success.com\/wp\/es\/home-castellano\/servicios\/\">Leer m\u00e1s<\/a><\/p>\n<\/div>\n<div class=\"grid4 acenter\">\n<p><span class=\"ish-icon-circle color2 acenter\" style=\"\"><a href=\"http:\/\/www.less-stress-more-success.com\/wp\/home-flat\/servicies\/seminars\/\"><span class=\"icon-mic-2\" style=\"font-size:37px !important;width:62px;height:62px;-moz-border-radius:31px;-webkit-border-radius:31px;border-radius:31px;padding-top:12.5px !important;\"><\/span><\/a><\/span><\/p>\n<div class=\"space\"><\/div>\n<h1 class=\" color2\">Conferencias<\/h1>\n<p class=\"p1\" style=\"text-align: center;\"><span class=\"s1\">Conferencias y Talleres para <strong>divertir,<\/strong><br \/>\n<\/span><strong>educar, reflexionar<\/strong> sobre\u00a0la calidad y<br \/>\nel prop\u00f3sito de nuestra actividad.<br \/>\nGesti\u00f3n del estr\u00e9s, de las relaciones interpersonales,<br \/>\ny secretos que mejoran la vida cotidiana,<br \/>\nen empresa y a nivel personal.<\/p>\n<p style=\"text-align: center;\"><a href=\"http:\/\/www.less-stress-more-success.com\/wp\/es\/home-castellano\/servicios\/conferencias\/\">Leer m\u00e1s<\/a><\/p>\n<\/div>\n<div class=\"grid4 acenter\">\n<p><span class=\"ish-icon-circle color2 acenter\" style=\"\"><a href=\"http:\/\/www.less-stress-more-success.com\/wp\/home-flat\/servicies\/mentoring\/\"><span class=\"icon-guest\" style=\"font-size:37px !important;width:62px;height:62px;-moz-border-radius:31px;-webkit-border-radius:31px;border-radius:31px;padding-top:12.5px !important;\"><\/span><\/a><\/span><\/p>\n<div class=\"space\"><\/div>\n<h1 class=\" color2\">Mentoring<\/h1>\n<p class=\"p1\" style=\"text-align: center;\"><span class=\"s1\"><strong>Sabidur\u00eda y experiencia a tu servicio.<\/strong><br \/>\n<\/span>Desarrollo de clientela.<br \/>\nManejo de relaciones interpersonales.<\/p>\n<p class=\"p1\" style=\"text-align: center;\"><span class=\"s1\"><i>\u201c Nadie puede levantar un guijarro con un solo dedo\u201d <\/i><\/span><\/p>\n<p style=\"text-align: center;\"><a href=\"http:\/\/www.less-stress-more-success.com\/wp\/es\/home-castellano\/servicios\/mentoring\/\">Leer m\u00e1s<\/a><\/p>\n<\/div>\n<\/div>\n<div class=\"space\"><\/div>\n<\/div>\n<\/div>\n<\/div>\n<div class=\"part-fullsection bg-color1\" style=\"background-color:#AABEBC;\">\n<div class=\"row\">\n<div class=\"grid12\">\n<div class=\"row\">\n<div class=\"grid5\">\n<div class=\"space\"><\/div>\n<h2 class=\" color4 aleft\">Menos Estr\u00e9s, \u00a1m\u00e1s exito!\u00a0<\/h2>\n<h3 class=\" color2 aleft\">\n<div>Un libro sencillo e indispensable.<\/div>\n<div>Una colecci\u00f3n de recetas sencillas conocidas por muchos tras conocerlas en los talleres.<\/div>\n<div>Disponible en librerias \u00a0en Suramerica \u00a0e internet.<\/div>\n<\/h3>\n<ul class=\" list-pointer color1\">\n<li>\n<p class=\"p1\"><span class=\"s1\">Ejemplos de recetas<span class=\"Apple-converted-space\">\u00a0 <\/span>en el libro&#8230;<\/span><\/p>\n<p><span style=\"line-height: 1.5;\"><\/span><\/li>\n<\/ul>\n<p>&nbsp;<\/p>\n<p><a class=\"ish-button-big color2 left\" href=\"https:\/\/www.panamericanaeditorial.com.co\/menos-estres-mas-exito\/p\">Comprar el libro<span class=\"ish-icon\" style=\"\"><span class=\"icon-forward\" ><\/span><\/span><\/a><\/p>\n<\/div>\n<div class=\"grid2\">\n<p><a href=\"https:\/\/www.less-stress-more-success.com\/wp\/es\/home-castellano\/menos-estres-mas-exito\/\" rel=\"attachment wp-att-7059\"><img loading=\"lazy\" decoding=\"async\" class=\"alignnone wp-image-7059\" src=\"https:\/\/www.less-stress-more-success.com\/wp\/wp-content\/uploads\/2024\/06\/menos-estres-mas-exito.jpeg\" alt=\"\" width=\"167\" height=\"241\" srcset=\"https:\/\/www.less-stress-more-success.com\/wp\/wp-content\/uploads\/2024\/06\/menos-estres-mas-exito.jpeg 444w, https:\/\/www.less-stress-more-success.com\/wp\/wp-content\/uploads\/2024\/06\/menos-estres-mas-exito-104x150.jpeg 104w, https:\/\/www.less-stress-more-success.com\/wp\/wp-content\/uploads\/2024\/06\/menos-estres-mas-exito-371x535.jpeg 371w, https:\/\/www.less-stress-more-success.com\/wp\/wp-content\/uploads\/2024\/06\/menos-estres-mas-exito-271x391.jpeg 271w\" sizes=\"auto, (max-width: 167px) 100vw, 167px\" \/><\/a><\/p>\n<\/div>\n<div class=\"grid5\">\n<div class=\"space\"><\/div>\n<div class=\"slidable\">\n<div class=\"slide\">\n<blockquote class=\" color2\">\n<p class=\"p1\"><span class=\"s1\">Todos los directivos deber\u00edan conocer estas ideas y asistir a<span class=\"Apple-converted-space\">\u00a0 <\/span>los talleres para poder liderar mejor a sus equipos y dirigirlos hacia una vida mas equilibrada.<\/span><\/p>\n<p><cite class=\" color1\">Louis-\u00c9ric Vall\u00e9e, President , SVYR, Montr\u00e9al.<\/cite><\/p><\/blockquote>\n<p>&nbsp;<\/p>\n<blockquote class=\" color2\">\n<p class=\"p1\"><span class=\"s1\">\u201cEstas recetas tan sencillas son esenciales para quien vive y trabaja en el siglo XXI.\u201d<\/span><\/p>\n<p><cite class=\" color1\">Pedro de Zuazo Torre, Coach, Madrid.<\/cite><\/p><\/blockquote>\n<\/div>\n<div class=\"slide\">\n<blockquote class=\" color2\">\n<p class=\"p1\"><span class=\"s1\">El libro de Christian es f\u00e1cil de leer y puede aliviar tu hiperactivo estilo de vida \u2026 si sigues sus buenos consejos\u00a0!<\/span><\/p>\n<p><cite class=\" color1\">Gary Burandt,\u00a0Executive Director, ICOM<\/cite><\/p><\/blockquote>\n<\/div>\n<\/div>\n<\/div>\n<\/div>\n<\/div>\n<\/div>\n<\/div>\n<div class=\"part-fullsection bg-pattern\" style=\"background-color:#CEDAD6;\">\n<div class=\"row\">\n<div class=\"grid12\">\n<div class=\"grid6\">\n<p><strong>RECURSOS GRATUITOS<\/strong> PARA DESCARGAR, IMPRIMIR \u00a0Y\u00a0ESCUCHAR<\/p>\n<div class=\"lined-section-only\"><span><\/span><\/div>\n<h2 class=\" color2\">\n<p class=\"p1\"><span class=\"s1\"><b> La Rueda de la Vida<\/b><\/span><\/p>\n<\/h2>\n<p class=\"p1\"><span class=\"s1\">Un sencillo ejercicio para identificar la areas de tu vida que quieres mejorar. Evalu\u00e9 tu nivel de satisfaccion y vea donde enfocar tus esfuerzos.<\/span><\/p>\n<p><span class=\"ish-icon color2 tooltip-color2\" style=\"\" data-type=\"tooltip\" title=\"Facebook - Username\"><a href=\"http:\/\/www.less-stress-more-success.com\/wp\/wp-content\/uploads\/2015\/04\/RuedaVida2015PDF.pdf\" target=\"_blank\"><span class=\"icon-download\" style=\"font-size:25px;width:29px;height:29px;padding-top:2px !important;\"><\/span><\/a><\/span><\/p>\n<h2 class=\" color2\">\n<p class=\"p1\"><strong><span class=\"s1\">Meditaciones guiadas.<\/span><\/strong><\/p>\n<\/h2>\n<p class=\"p1\"><span class=\"s1\">Tres meditaciones para relajarte y refrescar cuerpo y mente.\u00a0<\/span>Cada meditaci\u00f3n dura unos 20 minutos.\u00a0Christian Worth te gu\u00eda paso a paso para una iniciaci\u00f3n f\u00e1cil y\u00a0 agradable.<\/p>\n<p><a href=\"https:\/\/www.less-stress-more-success.com\/wp\/wp-content\/uploads\/2015\/05\/1-Introduccion.mp3\" target=\"_blank\" rel=\"noopener\">Introducci\u00f3n a las meditaciones<br \/>\n<\/a><a href=\"https:\/\/www.less-stress-more-success.com\/wp\/wp-content\/uploads\/2015\/05\/2-Meditacion-de-la-Respiraci\u00f3n.mp3\" target=\"_blank\" rel=\"noopener\">Meditaci\u00f3n de la respiraci\u00f3n<br \/>\n<\/a><a href=\"https:\/\/www.less-stress-more-success.com\/wp\/wp-content\/uploads\/2015\/05\/3-Meditaci\u00f3n-de-la-Relajaci\u00f3n.mp3\" target=\"_blank\" rel=\"noopener\">Meditaci\u00f3n de la relajaci\u00f3n<br \/>\n<\/a><a href=\"https:\/\/www.less-stress-more-success.com\/wp\/wp-content\/uploads\/2015\/05\/4-Meditaci\u00f3n-de-la-Luz.mp3\" target=\"_blank\" rel=\"noopener\">Meditaci\u00f3n de la luz<\/a><\/p>\n<\/div>\n<div class=\"grid6\">\n<p>ESCRIBEME<\/p>\n<div class=\"lined-section-only\"><span><\/span><\/div>\n\n<div class=\"wpcf7 no-js\" id=\"wpcf7-f6894-o1\" lang=\"en-US\" dir=\"ltr\" data-wpcf7-id=\"6894\">\n<div class=\"screen-reader-response\"><p role=\"status\" aria-live=\"polite\" aria-atomic=\"true\"><\/p> <ul><\/ul><\/div>\n<form action=\"\/wp\/es\/wp-json\/wp\/v2\/pages\/5515#wpcf7-f6894-o1\" method=\"post\" class=\"wpcf7-form init\" aria-label=\"Contact form\" novalidate=\"novalidate\" data-status=\"init\">\n<fieldset class=\"hidden-fields-container\"><input type=\"hidden\" name=\"_wpcf7\" value=\"6894\" \/><input type=\"hidden\" name=\"_wpcf7_version\" value=\"6.1.5\" \/><input type=\"hidden\" name=\"_wpcf7_locale\" value=\"en_US\" \/><input type=\"hidden\" name=\"_wpcf7_unit_tag\" value=\"wpcf7-f6894-o1\" \/><input type=\"hidden\" name=\"_wpcf7_container_post\" value=\"0\" \/><input type=\"hidden\" name=\"_wpcf7_posted_data_hash\" value=\"\" \/><input type=\"hidden\" name=\"_wpcf7_recaptcha_response\" value=\"\" \/>\n<\/fieldset>\n<p><label> Nombre (Obligatorio)<br \/>\n<span class=\"wpcf7-form-control-wrap\" data-name=\"your-name\"><input size=\"40\" maxlength=\"400\" class=\"wpcf7-form-control wpcf7-text wpcf7-validates-as-required\" aria-required=\"true\" aria-invalid=\"false\" value=\"\" type=\"text\" name=\"your-name\" \/><\/span> <\/label>\n<\/p>\n<p><label> Correo electr\u00f3nico (Obligatorio)<br \/>\n<span class=\"wpcf7-form-control-wrap\" data-name=\"your-email\"><input size=\"40\" maxlength=\"400\" class=\"wpcf7-form-control wpcf7-email wpcf7-validates-as-required wpcf7-text wpcf7-validates-as-email\" aria-required=\"true\" aria-invalid=\"false\" value=\"\" type=\"email\" name=\"your-email\" \/><\/span> <\/label>\n<\/p>\n<p><label> Asunto<br \/>\n<span class=\"wpcf7-form-control-wrap\" data-name=\"your-subject\"><input size=\"40\" maxlength=\"400\" class=\"wpcf7-form-control wpcf7-text\" aria-invalid=\"false\" value=\"\" type=\"text\" name=\"your-subject\" \/><\/span> <\/label>\n<\/p>\n<p><label> Mensaje<br \/>\n<span class=\"wpcf7-form-control-wrap\" data-name=\"your-message\"><textarea cols=\"40\" rows=\"10\" maxlength=\"2000\" class=\"wpcf7-form-control wpcf7-textarea\" aria-invalid=\"false\" name=\"your-message\"><\/textarea><\/span> <\/label>\n<\/p>\n<p><input class=\"wpcf7-form-control wpcf7-submit has-spinner\" type=\"submit\" value=\"Enviar\" \/>\n<\/p><input\n                    class=\"apbct_special_field apbct_email_id__wp_contact_form_7\"\n                    name=\"apbct__email_id__wp_contact_form_7\"\n                    aria-label=\"apbct__label_id__wp_contact_form_7\"\n                    type=\"text\" size=\"30\" maxlength=\"200\" autocomplete=\"off\"\n                    value=\"\"\n                \/><div class=\"wpcf7-response-output\" aria-hidden=\"true\"><\/div>\n<\/form>\n<\/div>\n\n<\/div>\n<\/div>\n<\/div>\n<\/div>\n<section class=\"part-content\">\n<div class=\"row\">\n<div class=\"grid12 no-sidebar\">\n","protected":false},"excerpt":{"rendered":"","protected":false},"author":1,"featured_media":0,"parent":0,"menu_order":0,"comment_status":"closed","ping_status":"closed","template":"","meta":{"footnotes":""},"class_list":["post-5515","page","type-page","status-publish","hentry"],"_links":{"self":[{"href":"https:\/\/www.less-stress-more-success.com\/wp\/es\/wp-json\/wp\/v2\/pages\/5515","targetHints":{"allow":["GET"]}}],"collection":[{"href":"https:\/\/www.less-stress-more-success.com\/wp\/es\/wp-json\/wp\/v2\/pages"}],"about":[{"href":"https:\/\/www.less-stress-more-success.com\/wp\/es\/wp-json\/wp\/v2\/types\/page"}],"author":[{"embeddable":true,"href":"https:\/\/www.less-stress-more-success.com\/wp\/es\/wp-json\/wp\/v2\/users\/1"}],"replies":[{"embeddable":true,"href":"https:\/\/www.less-stress-more-success.com\/wp\/es\/wp-json\/wp\/v2\/comments?post=5515"}],"version-history":[{"count":35,"href":"https:\/\/www.less-stress-more-success.com\/wp\/es\/wp-json\/wp\/v2\/pages\/5515\/revisions"}],"predecessor-version":[{"id":7063,"href":"https:\/\/www.less-stress-more-success.com\/wp\/es\/wp-json\/wp\/v2\/pages\/5515\/revisions\/7063"}],"wp:attachment":[{"href":"https:\/\/www.less-stress-more-success.com\/wp\/es\/wp-json\/wp\/v2\/media?parent=5515"}],"curies":[{"name":"wp","href":"https:\/\/api.w.org\/{rel}","templated":true}]}}