{"id":5612,"date":"2015-04-07T05:26:45","date_gmt":"2015-04-07T05:26:45","guid":{"rendered":"http:\/\/www.less-stress-more-success.com\/wp\/?page_id=5612"},"modified":"2025-01-31T16:23:22","modified_gmt":"2025-01-31T16:23:22","slug":"christian-worth","status":"publish","type":"page","link":"https:\/\/www.less-stress-more-success.com\/wp\/es\/home-castellano\/christian-worth\/","title":{"rendered":"Christian Worth"},"content":{"rendered":"<div class=\"space\"><\/div>\n<h2 class=\" color2\">\n<p>Soy un Ciudadano del Mundo, nacido en Francia.<\/p>\n<p>Con mis talleres, mi coaching y mi mentoring ofrezco una \u00fanica mezcla de experiencia de vida, de pericia en comunicaci\u00f3n y de formaci\u00f3n avanzada en t\u00e9cnicas de desarrollo humano.<\/p>\n<\/h2>\n<div class=\"space\"><\/div>\n<div class=\"row\" style=\"background-color:#edf6ff;\">\n<div class=\"grid6\">\n<h3 class=\" color2\"><strong>Ciudadano del Mundo<\/strong>.<\/h3>\n<p>Nac\u00ed en el mundo de la Alta Costura pero es la humanidad en general que me fascina, con todos sus desaf\u00edos de comunicaci\u00f3n.<br \/>\nMi experiencia profesional toco todos los continentes y muchas culturas. <strong>De Francia a Mexico, Italia, Canada, Japon, Alemania, Hong Kong, Inglaterra<\/strong> y ahora en el <strong>\u201cPais Vasco Norte\u201d<\/strong>.<\/p>\n<\/div>\n<div class=\"grid6\">\n<div id=\"attachment_5567\" style=\"width: 556px\" class=\"wp-caption alignnone\"><a href=\"https:\/\/www.less-stress-more-success.com\/wp\/wp-content\/uploads\/2015\/03\/cw1.png\"><img loading=\"lazy\" decoding=\"async\" aria-describedby=\"caption-attachment-5567\" class=\"wp-image-5567 size-full\" src=\"https:\/\/www.less-stress-more-success.com\/wp\/wp-content\/uploads\/2015\/03\/cw1.png\" alt=\"cw1\" width=\"546\" height=\"400\" srcset=\"https:\/\/www.less-stress-more-success.com\/wp\/wp-content\/uploads\/2015\/03\/cw1.png 546w, https:\/\/www.less-stress-more-success.com\/wp\/wp-content\/uploads\/2015\/03\/cw1-150x110.png 150w, https:\/\/www.less-stress-more-success.com\/wp\/wp-content\/uploads\/2015\/03\/cw1-371x272.png 371w, https:\/\/www.less-stress-more-success.com\/wp\/wp-content\/uploads\/2015\/03\/cw1-271x199.png 271w\" sizes=\"auto, (max-width: 546px) 100vw, 546px\" \/><\/a><p id=\"caption-attachment-5567\" class=\"wp-caption-text\">Deportivo y activo<\/p><\/div>\n<\/div>\n<div class=\"space\"><\/div>\n<\/div>\n<div class=\"row\">\n<div class=\"grid6\">\n<h3 class=\" color2\"><strong>Un mundo de experiencia.<\/strong><\/h3>\n<p>Con cada traslado internacional y transcultural, con mi familia, tuvimos que <strong>ajustarnos a nuevos entornos, nuevas culturas, nuevas relaciones humanas<\/strong>. Para no ahogarnos en nostalgia y desesperaci\u00f3n elegimos de ajustarnos al nuevo entorno y reconstruir nuestra \u201cZona de Confort\u201d.<\/p>\n<p>Tuvimos que <strong>enfocarnos en acci\u00f3n y dise\u00f1ar nuestro futuro.<\/strong><\/p>\n<p>Entendimos el sentido de la frase \u201d <em><strong>No se puede navegar un barco mirando a la estela!\u201d<\/strong><\/em><\/p>\n<p>Aprendimos que no hay solo una buena manera de hacer cualquier cosa, a pesar de que algunas personas o grupos piensen que solo hay una.<\/p>\n<\/div>\n<div class=\"grid6\">\n<div class=\"space\"><\/div>\n<p><strong>Tolerancia<\/strong> apareci\u00f3 cada vez mas importante.<\/p>\n<p><strong>Delegar <\/strong>no era una opci\u00f3n sino un imperativo.<\/p>\n<p>Vimos que hay muchas maneras de vivir feliz pero que todas inician con aceptar lo que es y construyendo a partir de all\u00ed.<\/p>\n<p>Aprendimos muchos <strong>trucos para vivir con menos estr\u00e9s.<\/strong><\/p>\n<p>Descubrimos durante este proceso que nuestro <strong>peor enemigo es nuestro ego<\/strong>, y que no duele recibir ayuda. Hay tanta sabidur\u00eda y tanta buena voluntad a nuestro alcance que ser\u00eda locura cerrarse en nuestro limitado espacio y conocimiento.<\/p>\n<p>Se me confirmo el valor de trabajo en equipo.<\/p>\n<\/div>\n<\/div>\n<div class=\"space\"><\/div>\n<div class=\"row\" style=\"background-color:#edf6ff;\">\n<div class=\"grid6\">\n<h3 class=\" color2\"><strong>1997 hasta hora: Descubriendo la mania del Coaching.<\/strong><\/h3>\n<p>Con 30 a\u00f1os en publicidad, siendo <strong>a la vanguardia de los nuevos desarrollos<\/strong> y futuros \u00e9xitos, descubr\u00ed el coaching.<\/p>\n<p>Hab\u00eda practicado coaching \u2013 sin el apellido \u2013 por a\u00f1os, con clientes y colegas. Me forme a la nueva disciplina con CoachU, fui parte del desarrollo inicial de la ICF ( Federacion Internacional de Coachs) donde obtuve acreditaci\u00f3n a nivel ACC y PCC.<\/p>\n<p>En 2002 lanzamos , con Jose Luis Men\u00e9ndez, <strong>OlaCoach<\/strong> en Espa\u00f1a.<\/p>\n<p>Ahora soy formador Senior en OlaCoach, en CoachCreativo en Malaga, CoachSI Escuela de Coaching en Barcelona y MusikaNaiz en Donostia<\/p>\n<\/div>\n<div class=\"grid6\">\n<div id=\"attachment_5568\" style=\"width: 556px\" class=\"wp-caption alignnone\"><a href=\"https:\/\/www.less-stress-more-success.com\/wp\/wp-content\/uploads\/2015\/03\/cw2-e1721044411176.png\"><img loading=\"lazy\" decoding=\"async\" aria-describedby=\"caption-attachment-5568\" class=\"wp-image-5568 size-full\" src=\"https:\/\/www.less-stress-more-success.com\/wp\/wp-content\/uploads\/2015\/03\/cw2-e1721044411176.png\" alt=\"cw2\" width=\"546\" height=\"400\" \/><\/a><p id=\"caption-attachment-5568\" class=\"wp-caption-text\">Inspirador y creativo<\/p><\/div>\n<\/div>\n<div class=\"space\"><\/div>\n<\/div>\n<div class=\"space\"><\/div>\n<div class=\"row\">\n<div class=\"grid6\">\n<h3 class=\" color2\"><strong>Coaching Personal \/ Coaching Ejecutivo.<\/strong><\/h3>\n<p>Soy Coach Personal porque <strong>el ser humano es al centro<\/strong> de cualquier decisi\u00f3n, sea personal o empresarial.<\/p>\n<p>Mi amplia experiencia en posiciones ejecutivas en agencias multinacionales de comunicaci\u00f3n me ha preparado a trabajar <strong>sumamente efectivamente con ejecutivos<\/strong> en Marketing y Publicidad.<\/p>\n<p>Mis clientes de coaching son en <strong>Reino Unido, Francia, Holanda, Alemania, Ecuador, EE.UU. y Hong Kong.<\/strong><\/p>\n<p>Ofrezco coaching <strong>por tel\u00e9fono o VoIP en cualquier parte del mundo<\/strong>.<\/p>\n<\/div>\n<div class=\"grid6\">\n<h3 class=\" color2\"><strong>Af\u00e1n de nuevos desaf\u00edos:<\/strong><\/h3>\n<p>Siempre soy interesado en nuevos desaf\u00edos. Esa actitud me llevo a enfrentarme con excitantes desaf\u00edos\u00a0:<\/p>\n<ul>\n<li><strong>Asesor<\/strong> para lo ex\u00e1menes de certificaci\u00f3n de la ICF, en Franc\u00e9s, Ingles o Castellano.<\/li>\n<li>Desarrollador de <strong>nuevos programas <\/strong>de coaching y Musicoter\u00e1pia con MusikaNaiz en Donostia.<\/li>\n<li><strong>Formador <\/strong>con Performance Impact (EE.UU) para un programa mundial de desarrollo de managers.<\/li>\n<li>Coach Asociado con Ariel. (EE.UU)<\/li>\n<\/ul>\n<\/div>\n<\/div>\n<div class=\"space\"><\/div>\n<div class=\"row\" style=\"background-color:#edf6ff;\">\n<div class=\"grid6\">\n<div id=\"attachment_5569\" style=\"width: 556px\" class=\"wp-caption alignnone\"><a href=\"https:\/\/www.less-stress-more-success.com\/wp\/wp-content\/uploads\/2015\/03\/cw3.png\"><img loading=\"lazy\" decoding=\"async\" aria-describedby=\"caption-attachment-5569\" class=\"wp-image-5569 size-full\" src=\"https:\/\/www.less-stress-more-success.com\/wp\/wp-content\/uploads\/2015\/03\/cw3.png\" alt=\"cw3\" width=\"546\" height=\"400\" srcset=\"https:\/\/www.less-stress-more-success.com\/wp\/wp-content\/uploads\/2015\/03\/cw3.png 546w, https:\/\/www.less-stress-more-success.com\/wp\/wp-content\/uploads\/2015\/03\/cw3-150x110.png 150w, https:\/\/www.less-stress-more-success.com\/wp\/wp-content\/uploads\/2015\/03\/cw3-371x272.png 371w, https:\/\/www.less-stress-more-success.com\/wp\/wp-content\/uploads\/2015\/03\/cw3-271x199.png 271w\" sizes=\"auto, (max-width: 546px) 100vw, 546px\" \/><\/a><p id=\"caption-attachment-5569\" class=\"wp-caption-text\">Cari\u00f1oso y divertido<\/p><\/div>\n<\/div>\n<div class=\"grid6\">\n<h3 class=\" color2\"><strong>Detalles personales.<\/strong><\/h3>\n<p>Casado con Marie, inestimable compa\u00f1era desde 1967<\/p>\n<p>Hijo(as) y nietos(as) en Paris, \u00c1msterdam, Nueva York \u00a0y Vancouver.<\/p>\n<p>Autor, fot\u00f3grafo, pintor, ceramista, caminante y observador de la vanguardia.<\/p>\n<\/div>\n<div class=\"space\"><\/div>\n<\/div>\n<div class=\"space\"><\/div>\n","protected":false},"excerpt":{"rendered":"","protected":false},"author":1,"featured_media":0,"parent":5515,"menu_order":0,"comment_status":"closed","ping_status":"closed","template":"","meta":{"footnotes":""},"class_list":["post-5612","page","type-page","status-publish","hentry"],"_links":{"self":[{"href":"https:\/\/www.less-stress-more-success.com\/wp\/es\/wp-json\/wp\/v2\/pages\/5612","targetHints":{"allow":["GET"]}}],"collection":[{"href":"https:\/\/www.less-stress-more-success.com\/wp\/es\/wp-json\/wp\/v2\/pages"}],"about":[{"href":"https:\/\/www.less-stress-more-success.com\/wp\/es\/wp-json\/wp\/v2\/types\/page"}],"author":[{"embeddable":true,"href":"https:\/\/www.less-stress-more-success.com\/wp\/es\/wp-json\/wp\/v2\/users\/1"}],"replies":[{"embeddable":true,"href":"https:\/\/www.less-stress-more-success.com\/wp\/es\/wp-json\/wp\/v2\/comments?post=5612"}],"version-history":[{"count":15,"href":"https:\/\/www.less-stress-more-success.com\/wp\/es\/wp-json\/wp\/v2\/pages\/5612\/revisions"}],"predecessor-version":[{"id":7151,"href":"https:\/\/www.less-stress-more-success.com\/wp\/es\/wp-json\/wp\/v2\/pages\/5612\/revisions\/7151"}],"up":[{"embeddable":true,"href":"https:\/\/www.less-stress-more-success.com\/wp\/es\/wp-json\/wp\/v2\/pages\/5515"}],"wp:attachment":[{"href":"https:\/\/www.less-stress-more-success.com\/wp\/es\/wp-json\/wp\/v2\/media?parent=5612"}],"curies":[{"name":"wp","href":"https:\/\/api.w.org\/{rel}","templated":true}]}}