{"id":5727,"date":"2015-04-22T08:32:14","date_gmt":"2015-04-22T08:32:14","guid":{"rendered":"http:\/\/www.less-stress-more-success.com\/wp\/?page_id=5727"},"modified":"2024-06-12T21:15:34","modified_gmt":"2024-06-12T21:15:34","slug":"libros-y-audios","status":"publish","type":"page","link":"https:\/\/www.less-stress-more-success.com\/wp\/es\/home-castellano\/libros-y-audios\/","title":{"rendered":"Libros y audios"},"content":{"rendered":"<div class=\"part-fullsection bg-color1\" style=\"background-color:#AABEBC;\">\n<div class=\"row\">\n<div class=\"grid12\">\n<div class=\"row\">\n<div class=\"grid5\">\n<div class=\"space\"><\/div>\n<h2 class=\" color4 aleft\">Menos Estr\u00e9s, \u00a1m\u00e1s exito!\u00a0<\/h2>\n<h3 class=\" color2 aleft\">\n<p class=\"p1\"><span class=\"s1\">Una colecci\u00f3n de sencillas recetas que ya disfrutan diariamente personas en todo el mundo tras conocerlas en los talleres de Christian Worth.<\/span><\/p>\n<\/h3>\n<ul class=\" list-pointer color1\">\n<li>\n<p class=\"p1\"><span class=\"s1\">Ejemplos de recetas<span class=\"Apple-converted-space\">\u00a0 <\/span>en el libro&#8230;<\/span><\/p>\n<p><span style=\"line-height: 1.5;\"><\/span><\/li>\n<\/ul>\n<p>&nbsp;<\/p>\n<p><a class=\"ish-button-big color2 left\" href=\"https:\/\/www.amazon.com\/Less-Stress-More-Success-Stress-Busters\/dp\/1419653105\/ref=sr_1_5?ie=UTF8&amp;qid=1510931647&amp;sr=8-5&amp;keywords=less-stress-more-success+book&amp;dpID=41ZgAa8oksL&amp;preST=_SY291_BO1,204,203,200_QL40_&amp;dpSrc=srch\">Comprar el libro<span class=\"ish-icon\" style=\"\"><span class=\"icon-forward\" ><\/span><\/span><\/a><\/p>\n<\/div>\n<div class=\"grid2\">\n<p><img loading=\"lazy\" decoding=\"async\" class=\"alignnone wp-image-6037\" src=\"https:\/\/www.less-stress-more-success.com\/wp\/wp-content\/uploads\/2015\/01\/book.png\" alt=\"book\" width=\"250\" height=\"378\" srcset=\"https:\/\/www.less-stress-more-success.com\/wp\/wp-content\/uploads\/2015\/01\/book.png 298w, https:\/\/www.less-stress-more-success.com\/wp\/wp-content\/uploads\/2015\/01\/book-99x150.png 99w, https:\/\/www.less-stress-more-success.com\/wp\/wp-content\/uploads\/2015\/01\/book-271x409.png 271w\" sizes=\"auto, (max-width: 250px) 100vw, 250px\" \/><\/p>\n<\/div>\n<div class=\"grid5\">\n<div class=\"space\"><\/div>\n<div class=\"slidable\">\n<div class=\"slide\">\n<blockquote class=\" color2\">\n<p class=\"p1\"><span class=\"s1\">Todos los directivos deber\u00edan conocer estas ideas y asistir a<span class=\"Apple-converted-space\">\u00a0 <\/span>los talleres para poder liderar mejor a sus equipos y dirigirlos hacia una vida mas equilibrada.<\/span><\/p>\n<p><cite class=\" color1\">Louis-\u00c9ric Vall\u00e9e, President , SVYR, Montr\u00e9al.<\/cite><\/p><\/blockquote>\n<p>&nbsp;<\/p>\n<blockquote class=\" color2\">\n<p class=\"p1\"><span class=\"s1\">\u201cEstas recetas tan sencillas son esenciales para quien vive y trabaja en el siglo XXI.\u201d<\/span><\/p>\n<p><cite class=\" color1\">Pedro de Zuazo Torre, Coach, Madrid.<\/cite><\/p><\/blockquote>\n<\/div>\n<div class=\"slide\">\n<blockquote class=\" color2\">\n<p class=\"p1\"><span class=\"s1\">El libro de Christian es f\u00e1cil de leer y puede aliviar tu hiperactivo estilo de vida \u2026 si sigues sus buenos consejos\u00a0!<\/span><\/p>\n<p><cite class=\" color1\">Gary Burandt,\u00a0Executive Director, ICOM<\/cite><\/p><\/blockquote>\n<\/div>\n<\/div>\n<\/div>\n<\/div>\n<\/div>\n<\/div>\n<\/div>\n<h2 class=\" color2\"><strong>AUDIOS: 3 meditaciones guiadas<\/strong> por Christian Worth:<\/h2>\n<p>Esas 3 sencillas meditaciones son gratuitas y te ofrecen momentos de relajaci\u00f3n anti-stress.\u00a0Son un complemento natural al libro \u00abMenos Est\u00e9s, M\u00e1s \u00c9xito\u00bb.\u00a0No necesitas experiencia previa de meditaci\u00f3n. Christian te gu\u00eda paso a paso.\u00a0Cada meditaci\u00f3n dura acerca de 20 minutos.<\/p>\n<div class=\"space\"><\/div>\n<div class=\"row\">\n<div class=\"grid3 acenter\">\n<p><span class=\"ish-icon color2 acenter\" style=\"\"><span class=\"icon-headphones\" style=\"font-size:36px;width:40px;height:40px;padding-top:2px !important;\"><\/span><\/span><\/p>\n<h3 class=\" color2\"><strong>Introducci\u00f3n a las meditaciones.<\/strong><br \/>\nBreve explicaci\u00f3n de como usar los audios de las 3 meditaciones.<br \/>\n<\/h3>\n<p><a href=\"http:\/\/www.less-stress-more-success.com\/wp\/es\/shop\/introduccion-a-las-meditaciones-audio\/\">Descargar<\/a><\/p>\n<\/div>\n<div class=\"grid3 acenter\">\n<p><span class=\"ish-icon color2 acenter\" style=\"\"><span class=\"icon-headphones-1\" style=\"font-size:36px;width:40px;height:40px;padding-top:2px !important;\"><\/span><\/span><\/p>\n<h3 class=\" color2\"><strong>Meditaci\u00f3n de la respiraci\u00f3n.<\/strong><\/p>\n<ul>\n<li>La primera, mas sencilla meditaci\u00f3n.<br \/>\nTodo basada en tu propia respiraci\u00f3n.<\/h3>\n<\/li>\n<\/ul>\n<p>&nbsp;<\/p>\n<p><a href=\"http:\/\/www.less-stress-more-success.com\/wp\/es\/shop\/meditacion-de-la-respiracion-audio-2\/\">Descargar<\/a><\/p>\n<\/div>\n<div class=\"grid3 acenter\">\n<p><span class=\"ish-icon color2 acenter\" style=\"\"><span class=\"icon-play-circle2\" style=\"font-size:36px;width:40px;height:40px;padding-top:2px !important;\"><\/span><\/span><\/p>\n<h3 class=\" color2\"><strong>Meditaci\u00f3n de la relajaci\u00f3n.<\/strong><\/p>\n<ul>\n<li>Mas all\u00e1 de la respiraci\u00f3n, una b\u00fasqueda de tranquilidad m\u00e1xima.<\/h3>\n<\/li>\n<\/ul>\n<p>&nbsp;<\/p>\n<p><a href=\"http:\/\/www.less-stress-more-success.com\/wp\/es\/shop\/meditacion-de-la-relajacion-audio-2\/\">Descargar<\/a><\/p>\n<\/div>\n<div class=\"grid3 acenter\">\n<p><span class=\"ish-icon color2 acenter\" style=\"\"><span class=\"icon-music\" style=\"font-size:36px;width:40px;height:40px;padding-top:2px !important;\"><\/span><\/span><\/p>\n<h3 class=\" color2\"><strong>Meditaci\u00f3n de la luz.<\/strong><\/p>\n<ul>\n<li>Una deliciosa inmersi\u00f3n en un ba\u00f1o de luz y de bienestar.<\/h3>\n<\/li>\n<\/ul>\n<p>&nbsp;<\/p>\n<p><a href=\"http:\/\/www.less-stress-more-success.com\/wp\/es\/shop\/meditacion-de-la-luz-audio-3\/\">Descargar<\/a><\/p>\n<\/div>\n<\/div>\n<div class=\"lined-section-only\"><span><\/span><\/div>\n<div class=\"space\"><\/div>\n","protected":false},"excerpt":{"rendered":"<p>Esas 3 sencillas meditaciones son gratuitas y te ofrecen momentos de relajaci\u00f3n anti-stress.\u00a0Son un complemento natural al libro \u00abMenos Est\u00e9s, M\u00e1s \u00c9xito\u00bb.\u00a0No necesitas experiencia previa de meditaci\u00f3n. Christian te gu\u00eda paso a paso.\u00a0Cada meditaci\u00f3n dura acerca de 20 minutos.<\/p>\n","protected":false},"author":1,"featured_media":0,"parent":5515,"menu_order":0,"comment_status":"closed","ping_status":"closed","template":"","meta":{"footnotes":""},"class_list":["post-5727","page","type-page","status-publish","hentry"],"_links":{"self":[{"href":"https:\/\/www.less-stress-more-success.com\/wp\/es\/wp-json\/wp\/v2\/pages\/5727","targetHints":{"allow":["GET"]}}],"collection":[{"href":"https:\/\/www.less-stress-more-success.com\/wp\/es\/wp-json\/wp\/v2\/pages"}],"about":[{"href":"https:\/\/www.less-stress-more-success.com\/wp\/es\/wp-json\/wp\/v2\/types\/page"}],"author":[{"embeddable":true,"href":"https:\/\/www.less-stress-more-success.com\/wp\/es\/wp-json\/wp\/v2\/users\/1"}],"replies":[{"embeddable":true,"href":"https:\/\/www.less-stress-more-success.com\/wp\/es\/wp-json\/wp\/v2\/comments?post=5727"}],"version-history":[{"count":44,"href":"https:\/\/www.less-stress-more-success.com\/wp\/es\/wp-json\/wp\/v2\/pages\/5727\/revisions"}],"predecessor-version":[{"id":7058,"href":"https:\/\/www.less-stress-more-success.com\/wp\/es\/wp-json\/wp\/v2\/pages\/5727\/revisions\/7058"}],"up":[{"embeddable":true,"href":"https:\/\/www.less-stress-more-success.com\/wp\/es\/wp-json\/wp\/v2\/pages\/5515"}],"wp:attachment":[{"href":"https:\/\/www.less-stress-more-success.com\/wp\/es\/wp-json\/wp\/v2\/media?parent=5727"}],"curies":[{"name":"wp","href":"https:\/\/api.w.org\/{rel}","templated":true}]}}