{"id":6231,"date":"2015-05-27T09:23:56","date_gmt":"2015-05-27T09:23:56","guid":{"rendered":"http:\/\/www.less-stress-more-success.com\/wp\/?page_id=6231"},"modified":"2025-01-31T16:36:39","modified_gmt":"2025-01-31T16:36:39","slug":"conferences","status":"publish","type":"page","link":"https:\/\/www.less-stress-more-success.com\/wp\/fr\/home-frances\/services-fr\/conferences\/","title":{"rendered":"Conf\u00e9rences et ateliers"},"content":{"rendered":"<p>&nbsp;<\/p>\n<h1 class=\" color2\">Pour cultiver le succ\u00e8s et la joie de vivre.<\/h1>\n<div class=\"space\"><\/div>\n<p><strong>Ateliers EMBELLIR SA VIE : pour am\u00e9liorer la vie professionnelle et personnelle.<\/strong><\/p>\n<p><strong>Une approche diff\u00e9rente <\/strong>de la gestion des ingr\u00e9dients du succ\u00e8s . De la pleine conscience aux visualisations et techniques de m\u00e9ditation br\u00e8ve. <strong>Des trucs et des exercices fondamentalement utiles.<\/strong><\/p>\n<p><strong>Pour stimuler et rafra\u00eechir une \u00e9quipe<\/strong> ( Direction, vente, production, marketing, R&amp;D, etc.) et leur permettre une meilleure gestion du stress.<\/p>\n<p>Disponible en plusieurs versions.:<\/p>\n<div class=\"box\">Journ\u00e9e compl\u00e8te: <strong>7 heures<br \/>\n<\/strong>5 ta 25 participants.<\/div>\n<div class=\"box\">Version courte : <strong>4 heures<br \/>\n<\/strong>Une apr\u00e8s-midi ou 2 soir\u00e9es<\/div>\n<p><strong><a href=\"mailto:coach@less-stress-more-success.com\">Contact pour d\u00e9tails, couts et disponibilit\u00e9<\/a><\/strong><\/p>\n<p>&nbsp;<\/p>\n<h2 class=\" color2\"><strong>La CONNEXION HARA<\/strong> : Atelier conf\u00e9rence<\/h2>\n<p><strong>Une exp\u00e9rience inoubliable<\/strong>. Une d\u00e9couverte de la connexion profonde qui peut relier deux \u00eatres, pour <strong>communiquer et \u00e9changer en profondeur<\/strong>.<\/p>\n<p>Une histoire et des exercices qui invitent le participant \u00e0 <strong>d\u00e9couvrir et explorer<\/strong> la Connexion Hara pour changer sa relation au monde. Un outil essentiel pour managers et vendeurs.<\/p>\n<p>90 minutes. Minimum 10 personnes. Pas de maximum.<\/p>\n<p><strong><a href=\"mailto:coach@less-stress-more-success.com\">Contact pour d\u00e9tails, couts et disponibilit\u00e9<\/a><\/strong><\/p>\n<p>&nbsp;<\/p>\n<p>&nbsp;<\/p>\n<h2 class=\" color2\">Conf\u00e9rence : \u00a0D\u00c9COUVRIR <strong>L\u2019IMPACT INVISIBLE DE L\u2019ATTITUDE MENTALE POSITIVE. <\/strong><\/h2>\n<p>Un moment extraordinaire de <strong>sensibilisation au r\u00f4le de notre mental<\/strong> dans la gestion des rapports. De la toxicit\u00e9 des pens\u00e9es n\u00e9gatives \u00e0 l\u2019effet turbo des pens\u00e9es positives. <strong>Une exp\u00e9rience indiscutable que montre l\u2019invisible, avec la participation du public<\/strong>. Succ\u00e8s garanti.<\/p>\n<p>90 minutes &#8211; 4 personnes minimum. Pas de maximum.<\/p>\n<p><strong><a href=\"mailto:coach@less-stress-more-success.com\">Contact pour d\u00e9tails, couts et disponibilit\u00e9<\/a><\/strong><\/p>\n<p>&nbsp;<\/p>\n<p>&nbsp;<\/p>\n","protected":false},"excerpt":{"rendered":"<p>&nbsp; Ateliers EMBELLIR SA VIE : pour am\u00e9liorer la vie professionnelle et personnelle. Une approche diff\u00e9rente de la gestion des ingr\u00e9dients du succ\u00e8s . De la pleine conscience aux visualisations et techniques de m\u00e9ditation br\u00e8ve. Des trucs et des exercices fondamentalement utiles. Pour stimuler et rafra\u00eechir une \u00e9quipe ( Direction, vente, production, marketing, R&amp;D, etc.) [&hellip;]<\/p>\n","protected":false},"author":1,"featured_media":0,"parent":5651,"menu_order":0,"comment_status":"closed","ping_status":"closed","template":"","meta":{"footnotes":""},"class_list":["post-6231","page","type-page","status-publish","hentry"],"_links":{"self":[{"href":"https:\/\/www.less-stress-more-success.com\/wp\/fr\/wp-json\/wp\/v2\/pages\/6231","targetHints":{"allow":["GET"]}}],"collection":[{"href":"https:\/\/www.less-stress-more-success.com\/wp\/fr\/wp-json\/wp\/v2\/pages"}],"about":[{"href":"https:\/\/www.less-stress-more-success.com\/wp\/fr\/wp-json\/wp\/v2\/types\/page"}],"author":[{"embeddable":true,"href":"https:\/\/www.less-stress-more-success.com\/wp\/fr\/wp-json\/wp\/v2\/users\/1"}],"replies":[{"embeddable":true,"href":"https:\/\/www.less-stress-more-success.com\/wp\/fr\/wp-json\/wp\/v2\/comments?post=6231"}],"version-history":[{"count":22,"href":"https:\/\/www.less-stress-more-success.com\/wp\/fr\/wp-json\/wp\/v2\/pages\/6231\/revisions"}],"predecessor-version":[{"id":7153,"href":"https:\/\/www.less-stress-more-success.com\/wp\/fr\/wp-json\/wp\/v2\/pages\/6231\/revisions\/7153"}],"up":[{"embeddable":true,"href":"https:\/\/www.less-stress-more-success.com\/wp\/fr\/wp-json\/wp\/v2\/pages\/5651"}],"wp:attachment":[{"href":"https:\/\/www.less-stress-more-success.com\/wp\/fr\/wp-json\/wp\/v2\/media?parent=6231"}],"curies":[{"name":"wp","href":"https:\/\/api.w.org\/{rel}","templated":true}]}}